{"id":1823,"date":"2022-03-19T18:23:37","date_gmt":"2022-03-19T18:23:37","guid":{"rendered":"http:\/\/drszilvasi.hu\/sobre-nosotros\/"},"modified":"2022-04-01T21:03:10","modified_gmt":"2022-04-01T21:03:10","slug":"sobre-nosotros","status":"publish","type":"page","link":"https:\/\/drszilvasi.hu\/es\/sobre-nosotros\/","title":{"rendered":"Sobre nosotros"},"content":{"rendered":"\t\t<div data-elementor-type=\"wp-page\" data-elementor-id=\"1823\" class=\"elementor elementor-1823 elementor-1074\">\n\t\t\t\t\t\t\t\t\t<section class=\"elementor-section elementor-top-section elementor-element elementor-element-4d21cff9 elementor-section-height-min-height elementor-section-boxed elementor-section-height-default elementor-section-items-middle\" data-id=\"4d21cff9\" data-element_type=\"section\" data-settings=\"{&quot;background_background&quot;:&quot;classic&quot;}\">\n\t\t\t\t\t\t\t<div class=\"elementor-background-overlay\"><\/div>\n\t\t\t\t\t\t\t<div class=\"elementor-container elementor-column-gap-no\">\n\t\t\t\t\t<div class=\"elementor-column elementor-col-100 elementor-top-column elementor-element elementor-element-4efdf4f9\" data-id=\"4efdf4f9\" data-element_type=\"column\">\n\t\t\t<div class=\"elementor-widget-wrap elementor-element-populated\">\n\t\t\t\t\t\t\t\t<div class=\"elementor-element elementor-element-19afd705 elementor-widget-divider--view-line elementor-widget elementor-widget-divider\" data-id=\"19afd705\" data-element_type=\"widget\" data-widget_type=\"divider.default\">\n\t\t\t\t<div class=\"elementor-widget-container\">\n\t\t\t<style>\/*! elementor - v3.15.0 - 20-08-2023 *\/\n.elementor-widget-divider{--divider-border-style:none;--divider-border-width:1px;--divider-color:#0c0d0e;--divider-icon-size:20px;--divider-element-spacing:10px;--divider-pattern-height:24px;--divider-pattern-size:20px;--divider-pattern-url:none;--divider-pattern-repeat:repeat-x}.elementor-widget-divider .elementor-divider{display:flex}.elementor-widget-divider .elementor-divider__text{font-size:15px;line-height:1;max-width:95%}.elementor-widget-divider .elementor-divider__element{margin:0 var(--divider-element-spacing);flex-shrink:0}.elementor-widget-divider .elementor-icon{font-size:var(--divider-icon-size)}.elementor-widget-divider .elementor-divider-separator{display:flex;margin:0;direction:ltr}.elementor-widget-divider--view-line_icon .elementor-divider-separator,.elementor-widget-divider--view-line_text .elementor-divider-separator{align-items:center}.elementor-widget-divider--view-line_icon .elementor-divider-separator:after,.elementor-widget-divider--view-line_icon .elementor-divider-separator:before,.elementor-widget-divider--view-line_text .elementor-divider-separator:after,.elementor-widget-divider--view-line_text .elementor-divider-separator:before{display:block;content:\"\";border-bottom:0;flex-grow:1;border-top:var(--divider-border-width) var(--divider-border-style) var(--divider-color)}.elementor-widget-divider--element-align-left .elementor-divider .elementor-divider-separator>.elementor-divider__svg:first-of-type{flex-grow:0;flex-shrink:100}.elementor-widget-divider--element-align-left .elementor-divider-separator:before{content:none}.elementor-widget-divider--element-align-left .elementor-divider__element{margin-left:0}.elementor-widget-divider--element-align-right .elementor-divider .elementor-divider-separator>.elementor-divider__svg:last-of-type{flex-grow:0;flex-shrink:100}.elementor-widget-divider--element-align-right .elementor-divider-separator:after{content:none}.elementor-widget-divider--element-align-right .elementor-divider__element{margin-right:0}.elementor-widget-divider:not(.elementor-widget-divider--view-line_text):not(.elementor-widget-divider--view-line_icon) .elementor-divider-separator{border-top:var(--divider-border-width) var(--divider-border-style) var(--divider-color)}.elementor-widget-divider--separator-type-pattern{--divider-border-style:none}.elementor-widget-divider--separator-type-pattern.elementor-widget-divider--view-line .elementor-divider-separator,.elementor-widget-divider--separator-type-pattern:not(.elementor-widget-divider--view-line) .elementor-divider-separator:after,.elementor-widget-divider--separator-type-pattern:not(.elementor-widget-divider--view-line) .elementor-divider-separator:before,.elementor-widget-divider--separator-type-pattern:not([class*=elementor-widget-divider--view]) .elementor-divider-separator{width:100%;min-height:var(--divider-pattern-height);-webkit-mask-size:var(--divider-pattern-size) 100%;mask-size:var(--divider-pattern-size) 100%;-webkit-mask-repeat:var(--divider-pattern-repeat);mask-repeat:var(--divider-pattern-repeat);background-color:var(--divider-color);-webkit-mask-image:var(--divider-pattern-url);mask-image:var(--divider-pattern-url)}.elementor-widget-divider--no-spacing{--divider-pattern-size:auto}.elementor-widget-divider--bg-round{--divider-pattern-repeat:round}.rtl .elementor-widget-divider .elementor-divider__text{direction:rtl}.e-con-inner>.elementor-widget-divider,.e-con>.elementor-widget-divider{width:var(--container-widget-width,100%);--flex-grow:var(--container-widget-flex-grow)}<\/style>\t\t<div class=\"elementor-divider\">\n\t\t\t<span class=\"elementor-divider-separator\">\n\t\t\t\t\t\t<\/span>\n\t\t<\/div>\n\t\t\t\t<\/div>\n\t\t\t\t<\/div>\n\t\t\t\t<div class=\"elementor-element elementor-element-1d495521 elementor-widget elementor-widget-heading\" data-id=\"1d495521\" data-element_type=\"widget\" data-widget_type=\"heading.default\">\n\t\t\t\t<div class=\"elementor-widget-container\">\n\t\t\t<style>\/*! elementor - v3.15.0 - 20-08-2023 *\/\n.elementor-heading-title{padding:0;margin:0;line-height:1}.elementor-widget-heading .elementor-heading-title[class*=elementor-size-]>a{color:inherit;font-size:inherit;line-height:inherit}.elementor-widget-heading .elementor-heading-title.elementor-size-small{font-size:15px}.elementor-widget-heading .elementor-heading-title.elementor-size-medium{font-size:19px}.elementor-widget-heading .elementor-heading-title.elementor-size-large{font-size:29px}.elementor-widget-heading .elementor-heading-title.elementor-size-xl{font-size:39px}.elementor-widget-heading .elementor-heading-title.elementor-size-xxl{font-size:59px}<\/style><h1 class=\"elementor-heading-title elementor-size-default\">Introducci\u00f3n<\/h1>\t\t<\/div>\n\t\t\t\t<\/div>\n\t\t\t\t<div class=\"elementor-element elementor-element-1abd2445 elementor-widget elementor-widget-text-editor\" data-id=\"1abd2445\" data-element_type=\"widget\" data-widget_type=\"text-editor.default\">\n\t\t\t\t<div class=\"elementor-widget-container\">\n\t\t\t<style>\/*! elementor - v3.15.0 - 20-08-2023 *\/\n.elementor-widget-text-editor.elementor-drop-cap-view-stacked .elementor-drop-cap{background-color:#69727d;color:#fff}.elementor-widget-text-editor.elementor-drop-cap-view-framed .elementor-drop-cap{color:#69727d;border:3px solid;background-color:transparent}.elementor-widget-text-editor:not(.elementor-drop-cap-view-default) .elementor-drop-cap{margin-top:8px}.elementor-widget-text-editor:not(.elementor-drop-cap-view-default) .elementor-drop-cap-letter{width:1em;height:1em}.elementor-widget-text-editor .elementor-drop-cap{float:left;text-align:center;line-height:1;font-size:50px}.elementor-widget-text-editor .elementor-drop-cap-letter{display:inline-block}<\/style>\t\t\t\t<p>La oficina legal de la Dra. L\u00edvia Szilv\u00e1si es experta en soluciones legales profesionales<\/p>\t\t\t\t\t\t<\/div>\n\t\t\t\t<\/div>\n\t\t\t\t\t<\/div>\n\t\t<\/div>\n\t\t\t\t\t\t\t<\/div>\n\t\t<\/section>\n\t\t\t\t<section class=\"elementor-section elementor-top-section elementor-element elementor-element-343da20f elementor-section-content-middle elementor-section-boxed elementor-section-height-default elementor-section-height-default\" data-id=\"343da20f\" data-element_type=\"section\">\n\t\t\t\t\t\t<div class=\"elementor-container elementor-column-gap-no\">\n\t\t\t\t\t<div class=\"elementor-column elementor-col-50 elementor-top-column elementor-element elementor-element-1ba9c6c6\" data-id=\"1ba9c6c6\" data-element_type=\"column\">\n\t\t\t<div class=\"elementor-widget-wrap elementor-element-populated\">\n\t\t\t\t\t\t\t\t<div class=\"elementor-element elementor-element-31bd7c8e elementor-widget-divider--view-line elementor-widget elementor-widget-divider\" data-id=\"31bd7c8e\" data-element_type=\"widget\" data-widget_type=\"divider.default\">\n\t\t\t\t<div class=\"elementor-widget-container\">\n\t\t\t\t\t<div class=\"elementor-divider\">\n\t\t\t<span class=\"elementor-divider-separator\">\n\t\t\t\t\t\t<\/span>\n\t\t<\/div>\n\t\t\t\t<\/div>\n\t\t\t\t<\/div>\n\t\t\t\t<div class=\"elementor-element elementor-element-11122ec elementor-widget elementor-widget-heading\" data-id=\"11122ec\" data-element_type=\"widget\" data-widget_type=\"heading.default\">\n\t\t\t\t<div class=\"elementor-widget-container\">\n\t\t\t<h2 class=\"elementor-heading-title elementor-size-default\">Sobre nosotros<\/h2>\t\t<\/div>\n\t\t\t\t<\/div>\n\t\t\t\t<div class=\"elementor-element elementor-element-1b277b8e elementor-widget elementor-widget-text-editor\" data-id=\"1b277b8e\" data-element_type=\"widget\" data-widget_type=\"text-editor.default\">\n\t\t\t\t<div class=\"elementor-widget-container\">\n\t\t\t\t\t\t\t<p>Nuestra oficina se encuentra en el distrito XIV. de Budapest, proporciona una ubicaci\u00f3n cuidada, agradable y de f\u00e1cil acceso para la recepci\u00f3n de nuestros clientes, consultas legales, negociaciones comerciales y contratos discretos y de alta calidad. <\/p>\n<p>En el \u00e1rea del derecho econ\u00f3mico, derecho inmobiliario y derecho laboral, nuestra clientela se compone principalmente de peque\u00f1as y medianas empresas nacionales, as\u00ed como empresas de propiedad municipal y empresas de servicios que operan en diversas \u00e1reas de la construcci\u00f3n y promoci\u00f3n inmobiliaria, el comercio y la sector servicios.<\/p>\n<p>Hemos estado trabajando con la mayor\u00eda de nuestros clientes habituales durante varios a\u00f1os y d\u00e9cadas con satisfacci\u00f3n mutua, y la gama de nuestros clientes est\u00e1 en constante expansi\u00f3n.<\/p>\n<p>Participamos en la soluci\u00f3n de tareas extremadamente importantes y complejas de nuestros clientes habituales y ocasionales, en la creaci\u00f3n y ejecuci\u00f3n de cooperaci\u00f3n para la satisfacci\u00f3n mutua de las partes, en transacciones exitosas en las que ambas partes ganan y en la resoluci\u00f3n de sus problemas legales que requieren conocimientos especiales.<\/p>\n<p>En el marco de la representaci\u00f3n legal, brindamos representaci\u00f3n legal general a nuestros Clientes sobre la base de una orden permanente para que sus contratos cumplan con sus expectativas, y la operaci\u00f3n de su negocio y el \u00e9xito de su negocio no se vean obstaculizados por problemas de leyes.<\/p>\n<p>Sobre la base de una orden ad hoc, resolvemos los casos y transacciones de naturaleza especial y de alta prioridad de nuestros Clientes de manera rentable y en la mayor brevedad posible, y proporcionamos litigaci\u00f3n y representaci\u00f3n extrajudicial.<\/p>\n<p>En el marco de la asesor\u00eda jur\u00eddica, proporcionamos un comunicado de texto o lineamientos caso por caso, y brindamos asesor\u00eda legal personal u online a nuestros Clientes para resolver sus dudas y encontrar una soluci\u00f3n efectiva a sus problemas. Ponemos especial atenci\u00f3n en que nuestro asesoramiento legal sea lo m\u00e1s acorde posible a las expectativas de negocio de nuestros clientes y las oportunidades que ofrece la legislaci\u00f3n vigente. <\/p>\t\t\t\t\t\t<\/div>\n\t\t\t\t<\/div>\n\t\t\t\t\t<\/div>\n\t\t<\/div>\n\t\t\t\t<div class=\"elementor-column elementor-col-50 elementor-top-column elementor-element elementor-element-2e4d30d8\" data-id=\"2e4d30d8\" data-element_type=\"column\">\n\t\t\t<div class=\"elementor-widget-wrap elementor-element-populated\">\n\t\t\t\t\t\t\t\t<div class=\"elementor-element elementor-element-4e96968a elementor-widget elementor-widget-image\" data-id=\"4e96968a\" data-element_type=\"widget\" data-widget_type=\"image.default\">\n\t\t\t\t<div class=\"elementor-widget-container\">\n\t\t\t<style>\/*! elementor - v3.15.0 - 20-08-2023 *\/\n.elementor-widget-image{text-align:center}.elementor-widget-image a{display:inline-block}.elementor-widget-image a img[src$=\".svg\"]{width:48px}.elementor-widget-image img{vertical-align:middle;display:inline-block}<\/style>\t\t\t\t\t\t\t\t\t\t\t\t<img decoding=\"async\" loading=\"lazy\" width=\"700\" height=\"467\" src=\"https:\/\/drszilvasi.hu\/wp-content\/uploads\/2022\/03\/7_Rolunk_B743B553-1451-44ED-B235-9DD0813251C7-out-1.jpeg\" class=\"attachment-full size-full wp-image-1075\" alt=\"\" srcset=\"https:\/\/drszilvasi.hu\/wp-content\/uploads\/2022\/03\/7_Rolunk_B743B553-1451-44ED-B235-9DD0813251C7-out-1.jpeg 700w, https:\/\/drszilvasi.hu\/wp-content\/uploads\/2022\/03\/7_Rolunk_B743B553-1451-44ED-B235-9DD0813251C7-out-1-300x200.jpeg 300w\" sizes=\"(max-width: 700px) 100vw, 700px\" \/>\t\t\t\t\t\t\t\t\t\t\t\t\t\t\t<\/div>\n\t\t\t\t<\/div>\n\t\t\t\t\t<\/div>\n\t\t<\/div>\n\t\t\t\t\t\t\t<\/div>\n\t\t<\/section>\n\t\t\t\t<section class=\"elementor-section elementor-top-section elementor-element elementor-element-14f232a2 elementor-section-content-middle elementor-section-boxed elementor-section-height-default elementor-section-height-default\" data-id=\"14f232a2\" data-element_type=\"section\">\n\t\t\t\t\t\t<div class=\"elementor-container elementor-column-gap-no\">\n\t\t\t\t\t<div class=\"elementor-column elementor-col-50 elementor-top-column elementor-element elementor-element-60616f7e\" data-id=\"60616f7e\" data-element_type=\"column\">\n\t\t\t<div class=\"elementor-widget-wrap elementor-element-populated\">\n\t\t\t\t\t\t\t\t<div class=\"elementor-element elementor-element-5eb0c425 elementor-widget elementor-widget-image\" data-id=\"5eb0c425\" data-element_type=\"widget\" data-widget_type=\"image.default\">\n\t\t\t\t<div class=\"elementor-widget-container\">\n\t\t\t\t\t\t\t\t\t\t\t\t<figure class=\"wp-caption\">\n\t\t\t\t\t\t\t\t\t\t<img decoding=\"async\" loading=\"lazy\" width=\"808\" height=\"1046\" src=\"https:\/\/drszilvasi.hu\/wp-content\/uploads\/2022\/03\/8_irodavezeto_D91276A5-5F4D-46AB-A11F-0DA954DF5BD8-out-1.jpeg\" class=\"attachment-full size-full wp-image-1076\" alt=\"\" srcset=\"https:\/\/drszilvasi.hu\/wp-content\/uploads\/2022\/03\/8_irodavezeto_D91276A5-5F4D-46AB-A11F-0DA954DF5BD8-out-1.jpeg 808w, https:\/\/drszilvasi.hu\/wp-content\/uploads\/2022\/03\/8_irodavezeto_D91276A5-5F4D-46AB-A11F-0DA954DF5BD8-out-1-232x300.jpeg 232w, https:\/\/drszilvasi.hu\/wp-content\/uploads\/2022\/03\/8_irodavezeto_D91276A5-5F4D-46AB-A11F-0DA954DF5BD8-out-1-791x1024.jpeg 791w, https:\/\/drszilvasi.hu\/wp-content\/uploads\/2022\/03\/8_irodavezeto_D91276A5-5F4D-46AB-A11F-0DA954DF5BD8-out-1-768x994.jpeg 768w\" sizes=\"(max-width: 808px) 100vw, 808px\" \/>\t\t\t\t\t\t\t\t\t\t\t<figcaption class=\"widget-image-caption wp-caption-text\">Dra. L\u00edvia Szilv\u00e1si abogada<\/figcaption>\n\t\t\t\t\t\t\t\t\t\t<\/figure>\n\t\t\t\t\t\t\t\t\t<\/div>\n\t\t\t\t<\/div>\n\t\t\t\t\t<\/div>\n\t\t<\/div>\n\t\t\t\t<div class=\"elementor-column elementor-col-50 elementor-top-column elementor-element elementor-element-543ee9f3\" data-id=\"543ee9f3\" data-element_type=\"column\">\n\t\t\t<div class=\"elementor-widget-wrap elementor-element-populated\">\n\t\t\t\t\t\t\t\t<div class=\"elementor-element elementor-element-648d6957 elementor-widget-divider--view-line elementor-widget elementor-widget-divider\" data-id=\"648d6957\" data-element_type=\"widget\" data-widget_type=\"divider.default\">\n\t\t\t\t<div class=\"elementor-widget-container\">\n\t\t\t\t\t<div class=\"elementor-divider\">\n\t\t\t<span class=\"elementor-divider-separator\">\n\t\t\t\t\t\t<\/span>\n\t\t<\/div>\n\t\t\t\t<\/div>\n\t\t\t\t<\/div>\n\t\t\t\t<div class=\"elementor-element elementor-element-abb4dd1 elementor-widget elementor-widget-heading\" data-id=\"abb4dd1\" data-element_type=\"widget\" data-widget_type=\"heading.default\">\n\t\t\t\t<div class=\"elementor-widget-container\">\n\t\t\t<h2 class=\"elementor-heading-title elementor-size-default\">Gerente de la oficina<\/h2>\t\t<\/div>\n\t\t\t\t<\/div>\n\t\t\t\t<div class=\"elementor-element elementor-element-5493c247 elementor-widget elementor-widget-text-editor\" data-id=\"5493c247\" data-element_type=\"widget\" data-widget_type=\"text-editor.default\">\n\t\t\t\t<div class=\"elementor-widget-container\">\n\t\t\t\t\t\t\t<p><em>\u201cUn trato, un contrato no es solo papeleo (\u2026). La libertad no es libertad de incumplimiento de contrato, ni libertad de da\u00f1o inconmensurable. La libertad en nuestra sociedad es la libertad de tomar decisiones inteligentes.\u201d  <br><\/em>\/Vilmos Cs\u00e1nyi\/<\/p><p><strong>Serie de creaci\u00f3n, modificaci\u00f3n y terminaci\u00f3n de objetivos de Vida, planes, decisiones y acuerdos, colaboraciones\u2026<\/strong><\/p><p><strong>\u00a1Lo que importa, sin embargo, es c\u00f3mo y con qu\u00e9 eficacia!<\/strong><\/p><p>Los valores que defiendo son:<\/p><ul><li>profesionalidad y compromiso profesional, responsabilidad,<\/li><li>un alto nivel de conocimientos jur\u00eddicos constantemente actualizados,<\/li><li>adaptaci\u00f3n innovadora a un entorno legal que cambia r\u00e1pidamente,<\/li><li>trabajo eficiente, preciso y fiable,<\/li><li>creatividad y flexibilidad con firmeza en la ejecuci\u00f3n,<\/li><li>actitud emp\u00e1tica y centrada en el cliente<\/li><\/ul><p>existen soluciones a todos los problemas de derecho individual y societario, se pueden establecer acuerdos exitosos en cualquier \u00e1mbito de la vida, y se pueden establecer negocios rentables y seguros y relaciones contractuales exitosas en el \u00e1mbito empresarial.<\/p><p>Hago mi trabajo con este esp\u00edritu, con profesionalidad y entusiasmo inquebrantables, siempre con el objetivo de ayudar a mis clientes.<\/p><p><a href=\"https:\/\/www.linkedin.com\/in\/l%C3%ADvia-dr-szilv%C3%A1si-90480a85\/\"><span style=\"color: #c58331;\">CV<\/span><\/a><\/p><p><a href=\"http:\/\/www.bpugyvedikamara.hu\/\"><span style=\"color: #c58331;\">Budapest Colegio de Abogados<\/span><\/a><\/p>\t\t\t\t\t\t<\/div>\n\t\t\t\t<\/div>\n\t\t\t\t\t<\/div>\n\t\t<\/div>\n\t\t\t\t\t\t\t<\/div>\n\t\t<\/section>\n\t\t\t\t\t\t\t<\/div>\n\t\t","protected":false},"excerpt":{"rendered":"<p>Introducci\u00f3n La oficina legal de la Dra. L\u00edvia Szilv\u00e1si es experta en soluciones legales profesionales Sobre nosotros Nuestra oficina se encuentra en el distrito XIV. de Budapest, proporciona una ubicaci\u00f3n cuidada, agradable y de f\u00e1cil acceso para la recepci\u00f3n de nuestros clientes, consultas legales, negociaciones comerciales y contratos discretos y de alta calidad. En el &hellip;<\/p>\n<p class=\"read-more\"> <a class=\"\" href=\"https:\/\/drszilvasi.hu\/es\/sobre-nosotros\/\"> <span class=\"screen-reader-text\">Sobre nosotros<\/span> Leer m\u00e1s &raquo;<\/a><\/p>\n","protected":false},"author":2,"featured_media":0,"parent":0,"menu_order":0,"comment_status":"closed","ping_status":"closed","template":"","meta":{"site-sidebar-layout":"no-sidebar","site-content-layout":"page-builder","ast-global-header-display":"","ast-main-header-display":"","ast-hfb-above-header-display":"","ast-hfb-below-header-display":"","ast-hfb-mobile-header-display":"","site-post-title":"disabled","ast-breadcrumbs-content":"","ast-featured-img":"disabled","footer-sml-layout":"","theme-transparent-header-meta":"","adv-header-id-meta":"","stick-header-meta":"","header-above-stick-meta":"","header-main-stick-meta":"","header-below-stick-meta":"","footnotes":""},"_links":{"self":[{"href":"https:\/\/drszilvasi.hu\/es\/wp-json\/wp\/v2\/pages\/1823"}],"collection":[{"href":"https:\/\/drszilvasi.hu\/es\/wp-json\/wp\/v2\/pages"}],"about":[{"href":"https:\/\/drszilvasi.hu\/es\/wp-json\/wp\/v2\/types\/page"}],"author":[{"embeddable":true,"href":"https:\/\/drszilvasi.hu\/es\/wp-json\/wp\/v2\/users\/2"}],"replies":[{"embeddable":true,"href":"https:\/\/drszilvasi.hu\/es\/wp-json\/wp\/v2\/comments?post=1823"}],"version-history":[{"count":1,"href":"https:\/\/drszilvasi.hu\/es\/wp-json\/wp\/v2\/pages\/1823\/revisions"}],"predecessor-version":[{"id":1824,"href":"https:\/\/drszilvasi.hu\/es\/wp-json\/wp\/v2\/pages\/1823\/revisions\/1824"}],"wp:attachment":[{"href":"https:\/\/drszilvasi.hu\/es\/wp-json\/wp\/v2\/media?parent=1823"}],"curies":[{"name":"wp","href":"https:\/\/api.w.org\/{rel}","templated":true}]}}