{"id":1799,"date":"2022-03-19T18:23:37","date_gmt":"2022-03-19T18:23:37","guid":{"rendered":"http:\/\/drszilvasi.hu\/about-us\/"},"modified":"2022-04-01T18:37:02","modified_gmt":"2022-04-01T18:37:02","slug":"about-us","status":"publish","type":"page","link":"https:\/\/drszilvasi.hu\/en\/about-us\/","title":{"rendered":"About us"},"content":{"rendered":"\t\t<div data-elementor-type=\"wp-page\" data-elementor-id=\"1799\" class=\"elementor elementor-1799 elementor-1074\">\n\t\t\t\t\t\t\t\t\t<section class=\"elementor-section elementor-top-section elementor-element elementor-element-4d21cff9 elementor-section-height-min-height elementor-section-boxed elementor-section-height-default elementor-section-items-middle\" data-id=\"4d21cff9\" data-element_type=\"section\" data-settings=\"{&quot;background_background&quot;:&quot;classic&quot;}\">\n\t\t\t\t\t\t\t<div class=\"elementor-background-overlay\"><\/div>\n\t\t\t\t\t\t\t<div class=\"elementor-container elementor-column-gap-no\">\n\t\t\t\t\t<div class=\"elementor-column elementor-col-100 elementor-top-column elementor-element elementor-element-4efdf4f9\" data-id=\"4efdf4f9\" data-element_type=\"column\">\n\t\t\t<div class=\"elementor-widget-wrap elementor-element-populated\">\n\t\t\t\t\t\t\t\t<div class=\"elementor-element elementor-element-19afd705 elementor-widget-divider--view-line elementor-widget elementor-widget-divider\" data-id=\"19afd705\" data-element_type=\"widget\" data-widget_type=\"divider.default\">\n\t\t\t\t<div class=\"elementor-widget-container\">\n\t\t\t<style>\/*! elementor - v3.15.0 - 20-08-2023 *\/\n.elementor-widget-divider{--divider-border-style:none;--divider-border-width:1px;--divider-color:#0c0d0e;--divider-icon-size:20px;--divider-element-spacing:10px;--divider-pattern-height:24px;--divider-pattern-size:20px;--divider-pattern-url:none;--divider-pattern-repeat:repeat-x}.elementor-widget-divider .elementor-divider{display:flex}.elementor-widget-divider .elementor-divider__text{font-size:15px;line-height:1;max-width:95%}.elementor-widget-divider .elementor-divider__element{margin:0 var(--divider-element-spacing);flex-shrink:0}.elementor-widget-divider .elementor-icon{font-size:var(--divider-icon-size)}.elementor-widget-divider .elementor-divider-separator{display:flex;margin:0;direction:ltr}.elementor-widget-divider--view-line_icon .elementor-divider-separator,.elementor-widget-divider--view-line_text .elementor-divider-separator{align-items:center}.elementor-widget-divider--view-line_icon .elementor-divider-separator:after,.elementor-widget-divider--view-line_icon .elementor-divider-separator:before,.elementor-widget-divider--view-line_text .elementor-divider-separator:after,.elementor-widget-divider--view-line_text .elementor-divider-separator:before{display:block;content:\"\";border-bottom:0;flex-grow:1;border-top:var(--divider-border-width) var(--divider-border-style) var(--divider-color)}.elementor-widget-divider--element-align-left .elementor-divider .elementor-divider-separator>.elementor-divider__svg:first-of-type{flex-grow:0;flex-shrink:100}.elementor-widget-divider--element-align-left .elementor-divider-separator:before{content:none}.elementor-widget-divider--element-align-left .elementor-divider__element{margin-left:0}.elementor-widget-divider--element-align-right .elementor-divider .elementor-divider-separator>.elementor-divider__svg:last-of-type{flex-grow:0;flex-shrink:100}.elementor-widget-divider--element-align-right .elementor-divider-separator:after{content:none}.elementor-widget-divider--element-align-right .elementor-divider__element{margin-right:0}.elementor-widget-divider:not(.elementor-widget-divider--view-line_text):not(.elementor-widget-divider--view-line_icon) .elementor-divider-separator{border-top:var(--divider-border-width) var(--divider-border-style) var(--divider-color)}.elementor-widget-divider--separator-type-pattern{--divider-border-style:none}.elementor-widget-divider--separator-type-pattern.elementor-widget-divider--view-line .elementor-divider-separator,.elementor-widget-divider--separator-type-pattern:not(.elementor-widget-divider--view-line) .elementor-divider-separator:after,.elementor-widget-divider--separator-type-pattern:not(.elementor-widget-divider--view-line) .elementor-divider-separator:before,.elementor-widget-divider--separator-type-pattern:not([class*=elementor-widget-divider--view]) .elementor-divider-separator{width:100%;min-height:var(--divider-pattern-height);-webkit-mask-size:var(--divider-pattern-size) 100%;mask-size:var(--divider-pattern-size) 100%;-webkit-mask-repeat:var(--divider-pattern-repeat);mask-repeat:var(--divider-pattern-repeat);background-color:var(--divider-color);-webkit-mask-image:var(--divider-pattern-url);mask-image:var(--divider-pattern-url)}.elementor-widget-divider--no-spacing{--divider-pattern-size:auto}.elementor-widget-divider--bg-round{--divider-pattern-repeat:round}.rtl .elementor-widget-divider .elementor-divider__text{direction:rtl}.e-con-inner>.elementor-widget-divider,.e-con>.elementor-widget-divider{width:var(--container-widget-width,100%);--flex-grow:var(--container-widget-flex-grow)}<\/style>\t\t<div class=\"elementor-divider\">\n\t\t\t<span class=\"elementor-divider-separator\">\n\t\t\t\t\t\t<\/span>\n\t\t<\/div>\n\t\t\t\t<\/div>\n\t\t\t\t<\/div>\n\t\t\t\t<div class=\"elementor-element elementor-element-1d495521 elementor-widget elementor-widget-heading\" data-id=\"1d495521\" data-element_type=\"widget\" data-widget_type=\"heading.default\">\n\t\t\t\t<div class=\"elementor-widget-container\">\n\t\t\t<style>\/*! elementor - v3.15.0 - 20-08-2023 *\/\n.elementor-heading-title{padding:0;margin:0;line-height:1}.elementor-widget-heading .elementor-heading-title[class*=elementor-size-]>a{color:inherit;font-size:inherit;line-height:inherit}.elementor-widget-heading .elementor-heading-title.elementor-size-small{font-size:15px}.elementor-widget-heading .elementor-heading-title.elementor-size-medium{font-size:19px}.elementor-widget-heading .elementor-heading-title.elementor-size-large{font-size:29px}.elementor-widget-heading .elementor-heading-title.elementor-size-xl{font-size:39px}.elementor-widget-heading .elementor-heading-title.elementor-size-xxl{font-size:59px}<\/style><h1 class=\"elementor-heading-title elementor-size-default\">Introduction<\/h1>\t\t<\/div>\n\t\t\t\t<\/div>\n\t\t\t\t<div class=\"elementor-element elementor-element-1abd2445 elementor-widget elementor-widget-text-editor\" data-id=\"1abd2445\" data-element_type=\"widget\" data-widget_type=\"text-editor.default\">\n\t\t\t\t<div class=\"elementor-widget-container\">\n\t\t\t<style>\/*! elementor - v3.15.0 - 20-08-2023 *\/\n.elementor-widget-text-editor.elementor-drop-cap-view-stacked .elementor-drop-cap{background-color:#69727d;color:#fff}.elementor-widget-text-editor.elementor-drop-cap-view-framed .elementor-drop-cap{color:#69727d;border:3px solid;background-color:transparent}.elementor-widget-text-editor:not(.elementor-drop-cap-view-default) .elementor-drop-cap{margin-top:8px}.elementor-widget-text-editor:not(.elementor-drop-cap-view-default) .elementor-drop-cap-letter{width:1em;height:1em}.elementor-widget-text-editor .elementor-drop-cap{float:left;text-align:center;line-height:1;font-size:50px}.elementor-widget-text-editor .elementor-drop-cap-letter{display:inline-block}<\/style>\t\t\t\t<p>Dr. L\u00edvia Szilv\u00e1si Law Firm is an expert in professional legal solutions.<\/p>\t\t\t\t\t\t<\/div>\n\t\t\t\t<\/div>\n\t\t\t\t\t<\/div>\n\t\t<\/div>\n\t\t\t\t\t\t\t<\/div>\n\t\t<\/section>\n\t\t\t\t<section class=\"elementor-section elementor-top-section elementor-element elementor-element-343da20f elementor-section-content-middle elementor-section-boxed elementor-section-height-default elementor-section-height-default\" data-id=\"343da20f\" data-element_type=\"section\">\n\t\t\t\t\t\t<div class=\"elementor-container elementor-column-gap-no\">\n\t\t\t\t\t<div class=\"elementor-column elementor-col-50 elementor-top-column elementor-element elementor-element-1ba9c6c6\" data-id=\"1ba9c6c6\" data-element_type=\"column\">\n\t\t\t<div class=\"elementor-widget-wrap elementor-element-populated\">\n\t\t\t\t\t\t\t\t<div class=\"elementor-element elementor-element-31bd7c8e elementor-widget-divider--view-line elementor-widget elementor-widget-divider\" data-id=\"31bd7c8e\" data-element_type=\"widget\" data-widget_type=\"divider.default\">\n\t\t\t\t<div class=\"elementor-widget-container\">\n\t\t\t\t\t<div class=\"elementor-divider\">\n\t\t\t<span class=\"elementor-divider-separator\">\n\t\t\t\t\t\t<\/span>\n\t\t<\/div>\n\t\t\t\t<\/div>\n\t\t\t\t<\/div>\n\t\t\t\t<div class=\"elementor-element elementor-element-11122ec elementor-widget elementor-widget-heading\" data-id=\"11122ec\" data-element_type=\"widget\" data-widget_type=\"heading.default\">\n\t\t\t\t<div class=\"elementor-widget-container\">\n\t\t\t<h2 class=\"elementor-heading-title elementor-size-default\">About us<\/h2>\t\t<\/div>\n\t\t\t\t<\/div>\n\t\t\t\t<div class=\"elementor-element elementor-element-1b277b8e elementor-widget elementor-widget-text-editor\" data-id=\"1b277b8e\" data-element_type=\"widget\" data-widget_type=\"text-editor.default\">\n\t\t\t\t<div class=\"elementor-widget-container\">\n\t\t\t\t\t\t\t<p>Our office is located in the XIV. district of Budapest, which is easily accessible and provides a pleasant, cultured location for the reception of our clients, legal consultations, business negotiations, contract negotiations of high quality, discreetly. <\/p>\n<p>In the fields of business law, real estate law and employment law, our clients are mainly domestic small and medium-sized enterprises, as well as municipal-owned companies and service providers operating in various areas of the construction and real estate development, trade and service sectors.<\/p>\n<p>We have been working with most of our regular clients for several years or decades with mutual satisfaction and our client base is constantly growing.<\/p>\n<p>With ad hoc assignments, we assist our entrepreneurial and private clients in solving tasks of paramount importance and complexity, in creating and implementing mutually satisfactory cooperation and successful &#8220;win-win&#8221; transactions, and solving their legal problems which are requiring special expertise as well.<\/p>\n<p>In the framework of legal representation, we provide general legal representation to our Clients on a permanent basis in order to ensure that their contracts are complying with their expectations and that the operation of their business and the success of their business are not hindered by legal problems.<\/p>\n<p>On an ad hoc basis, we provide time- and cost-effective solutions to our clients&#8217; specialised and high-priority matters, transactional work, litigation and extra-judicial representation.<\/p>\n<p>We provide legal advice on an ad hoc basis, including drafting opinions and guidance, and on request, we provide in-person or online legal consultations to our clients in order to answer their questions and find effective solutions to their problems. K\u00fcl\u00f6n\u00f6s figyelmet ford\u00edtunk arra, hogy jogi tan\u00e1csaink maxim\u00e1lisan \u00f6sszhangban legyenek \u00dcgyfeleink \u00fczleti elv\u00e1r\u00e1saival \u00e9s a mindenkori jogszab\u00e1lyok k\u00edn\u00e1lta lehet\u0151s\u00e9gekkel. We take particular care to ensure that our legal advice is as consistent as possible with our clients&#8217; business requirements and the opportunities offered by the current legislation.<\/p>\t\t\t\t\t\t<\/div>\n\t\t\t\t<\/div>\n\t\t\t\t\t<\/div>\n\t\t<\/div>\n\t\t\t\t<div class=\"elementor-column elementor-col-50 elementor-top-column elementor-element elementor-element-2e4d30d8\" data-id=\"2e4d30d8\" data-element_type=\"column\">\n\t\t\t<div class=\"elementor-widget-wrap elementor-element-populated\">\n\t\t\t\t\t\t\t\t<div class=\"elementor-element elementor-element-4e96968a elementor-widget elementor-widget-image\" data-id=\"4e96968a\" data-element_type=\"widget\" data-widget_type=\"image.default\">\n\t\t\t\t<div class=\"elementor-widget-container\">\n\t\t\t<style>\/*! elementor - v3.15.0 - 20-08-2023 *\/\n.elementor-widget-image{text-align:center}.elementor-widget-image a{display:inline-block}.elementor-widget-image a img[src$=\".svg\"]{width:48px}.elementor-widget-image img{vertical-align:middle;display:inline-block}<\/style>\t\t\t\t\t\t\t\t\t\t\t\t<img decoding=\"async\" loading=\"lazy\" width=\"700\" height=\"467\" src=\"https:\/\/drszilvasi.hu\/wp-content\/uploads\/2022\/03\/7_Rolunk_B743B553-1451-44ED-B235-9DD0813251C7-out-1.jpeg\" class=\"attachment-full size-full wp-image-1075\" alt=\"\" srcset=\"https:\/\/drszilvasi.hu\/wp-content\/uploads\/2022\/03\/7_Rolunk_B743B553-1451-44ED-B235-9DD0813251C7-out-1.jpeg 700w, https:\/\/drszilvasi.hu\/wp-content\/uploads\/2022\/03\/7_Rolunk_B743B553-1451-44ED-B235-9DD0813251C7-out-1-300x200.jpeg 300w\" sizes=\"(max-width: 700px) 100vw, 700px\" \/>\t\t\t\t\t\t\t\t\t\t\t\t\t\t\t<\/div>\n\t\t\t\t<\/div>\n\t\t\t\t\t<\/div>\n\t\t<\/div>\n\t\t\t\t\t\t\t<\/div>\n\t\t<\/section>\n\t\t\t\t<section class=\"elementor-section elementor-top-section elementor-element elementor-element-14f232a2 elementor-section-content-middle elementor-section-boxed elementor-section-height-default elementor-section-height-default\" data-id=\"14f232a2\" data-element_type=\"section\">\n\t\t\t\t\t\t<div class=\"elementor-container elementor-column-gap-no\">\n\t\t\t\t\t<div class=\"elementor-column elementor-col-50 elementor-top-column elementor-element elementor-element-60616f7e\" data-id=\"60616f7e\" data-element_type=\"column\">\n\t\t\t<div class=\"elementor-widget-wrap elementor-element-populated\">\n\t\t\t\t\t\t\t\t<div class=\"elementor-element elementor-element-5eb0c425 elementor-widget elementor-widget-image\" data-id=\"5eb0c425\" data-element_type=\"widget\" data-widget_type=\"image.default\">\n\t\t\t\t<div class=\"elementor-widget-container\">\n\t\t\t\t\t\t\t\t\t\t\t\t<figure class=\"wp-caption\">\n\t\t\t\t\t\t\t\t\t\t<img decoding=\"async\" loading=\"lazy\" width=\"808\" height=\"1046\" src=\"https:\/\/drszilvasi.hu\/wp-content\/uploads\/2022\/03\/8_irodavezeto_D91276A5-5F4D-46AB-A11F-0DA954DF5BD8-out-1.jpeg\" class=\"attachment-full size-full wp-image-1076\" alt=\"\" srcset=\"https:\/\/drszilvasi.hu\/wp-content\/uploads\/2022\/03\/8_irodavezeto_D91276A5-5F4D-46AB-A11F-0DA954DF5BD8-out-1.jpeg 808w, https:\/\/drszilvasi.hu\/wp-content\/uploads\/2022\/03\/8_irodavezeto_D91276A5-5F4D-46AB-A11F-0DA954DF5BD8-out-1-232x300.jpeg 232w, https:\/\/drszilvasi.hu\/wp-content\/uploads\/2022\/03\/8_irodavezeto_D91276A5-5F4D-46AB-A11F-0DA954DF5BD8-out-1-791x1024.jpeg 791w, https:\/\/drszilvasi.hu\/wp-content\/uploads\/2022\/03\/8_irodavezeto_D91276A5-5F4D-46AB-A11F-0DA954DF5BD8-out-1-768x994.jpeg 768w\" sizes=\"(max-width: 808px) 100vw, 808px\" \/>\t\t\t\t\t\t\t\t\t\t\t<figcaption class=\"widget-image-caption wp-caption-text\">Dr. Li\u0301via Szilva\u0301si lawyer<\/figcaption>\n\t\t\t\t\t\t\t\t\t\t<\/figure>\n\t\t\t\t\t\t\t\t\t<\/div>\n\t\t\t\t<\/div>\n\t\t\t\t\t<\/div>\n\t\t<\/div>\n\t\t\t\t<div class=\"elementor-column elementor-col-50 elementor-top-column elementor-element elementor-element-543ee9f3\" data-id=\"543ee9f3\" data-element_type=\"column\">\n\t\t\t<div class=\"elementor-widget-wrap elementor-element-populated\">\n\t\t\t\t\t\t\t\t<div class=\"elementor-element elementor-element-648d6957 elementor-widget-divider--view-line elementor-widget elementor-widget-divider\" data-id=\"648d6957\" data-element_type=\"widget\" data-widget_type=\"divider.default\">\n\t\t\t\t<div class=\"elementor-widget-container\">\n\t\t\t\t\t<div class=\"elementor-divider\">\n\t\t\t<span class=\"elementor-divider-separator\">\n\t\t\t\t\t\t<\/span>\n\t\t<\/div>\n\t\t\t\t<\/div>\n\t\t\t\t<\/div>\n\t\t\t\t<div class=\"elementor-element elementor-element-abb4dd1 elementor-widget elementor-widget-heading\" data-id=\"abb4dd1\" data-element_type=\"widget\" data-widget_type=\"heading.default\">\n\t\t\t\t<div class=\"elementor-widget-container\">\n\t\t\t<h2 class=\"elementor-heading-title elementor-size-default\">Office manager lawyer<\/h2>\t\t<\/div>\n\t\t\t\t<\/div>\n\t\t\t\t<div class=\"elementor-element elementor-element-5493c247 elementor-widget elementor-widget-text-editor\" data-id=\"5493c247\" data-element_type=\"widget\" data-widget_type=\"text-editor.default\">\n\t\t\t\t<div class=\"elementor-widget-container\">\n\t\t\t\t\t\t\t<p><em>&#8220;A deal, a contract is not just a piece of paper (&#8230;). Freedom is not the freedom to break a contract, not the freedom to do untold harm. Freedom in our society is the freedom to choose wisely.&#8221;<br><\/em>\/Vilmos Cs\u00e1nyi\/<\/p><p><strong>Life is a series of goals, plans, decisions and agreements, the creation, modification and termination of cooperation&#8230;<\/strong><\/p><p><strong>But it is important how and with what effectiveness!<\/strong><\/p><p>I believe and confess that<\/p><ul><li>with a sense of vocation and professional commitment and responsibility,<\/li><li>high level and constantly renewing legal knowledge,<\/li><li>innovative adaptation to a rapidly changing legal environment,<\/li><li>efficient, precise and reliable work,<\/li><li>decisive action, creativity and flexibility,<\/li><li>customer-oriented, with an empathetic attitude<\/li><\/ul><p>there is a solution to every individual and corporate legal problem, successful agreements can be reached in any area of life, and profitable, secure businesses and successful, fruitful contractual relationships can be established in the business sphere.<\/p><p>It is in this spirit, with unwavering dedication and enthusiasm, that I do my job and help my Clients.<\/p><p><a href=\"https:\/\/www.linkedin.com\/in\/l%C3%ADvia-dr-szilv%C3%A1si-90480a85\/\"><span style=\"color: #c58331;\">CV<\/span><\/a><\/p><p><a href=\"http:\/\/www.bpugyvedikamara.hu\/\"><span style=\"color: #c58331;\">Budapest Legal Bar<\/span><\/a><\/p>\t\t\t\t\t\t<\/div>\n\t\t\t\t<\/div>\n\t\t\t\t\t<\/div>\n\t\t<\/div>\n\t\t\t\t\t\t\t<\/div>\n\t\t<\/section>\n\t\t\t\t\t\t\t<\/div>\n\t\t","protected":false},"excerpt":{"rendered":"<p>Introduction Dr. L\u00edvia Szilv\u00e1si Law Firm is an expert in professional legal solutions. About us Our office is located in the XIV. district of Budapest, which is easily accessible and provides a pleasant, cultured location for the reception of our clients, legal consultations, business negotiations, contract negotiations of high quality, discreetly. In the fields of &hellip;<\/p>\n<p class=\"read-more\"> <a class=\"\" href=\"https:\/\/drszilvasi.hu\/en\/about-us\/\"> <span class=\"screen-reader-text\">About us<\/span> Read More &raquo;<\/a><\/p>\n","protected":false},"author":2,"featured_media":0,"parent":0,"menu_order":0,"comment_status":"closed","ping_status":"closed","template":"","meta":{"site-sidebar-layout":"no-sidebar","site-content-layout":"page-builder","ast-global-header-display":"","ast-main-header-display":"","ast-hfb-above-header-display":"","ast-hfb-below-header-display":"","ast-hfb-mobile-header-display":"","site-post-title":"disabled","ast-breadcrumbs-content":"","ast-featured-img":"disabled","footer-sml-layout":"","theme-transparent-header-meta":"","adv-header-id-meta":"","stick-header-meta":"","header-above-stick-meta":"","header-main-stick-meta":"","header-below-stick-meta":"","footnotes":""},"_links":{"self":[{"href":"https:\/\/drszilvasi.hu\/en\/wp-json\/wp\/v2\/pages\/1799"}],"collection":[{"href":"https:\/\/drszilvasi.hu\/en\/wp-json\/wp\/v2\/pages"}],"about":[{"href":"https:\/\/drszilvasi.hu\/en\/wp-json\/wp\/v2\/types\/page"}],"author":[{"embeddable":true,"href":"https:\/\/drszilvasi.hu\/en\/wp-json\/wp\/v2\/users\/2"}],"replies":[{"embeddable":true,"href":"https:\/\/drszilvasi.hu\/en\/wp-json\/wp\/v2\/comments?post=1799"}],"version-history":[{"count":1,"href":"https:\/\/drszilvasi.hu\/en\/wp-json\/wp\/v2\/pages\/1799\/revisions"}],"predecessor-version":[{"id":1800,"href":"https:\/\/drszilvasi.hu\/en\/wp-json\/wp\/v2\/pages\/1799\/revisions\/1800"}],"wp:attachment":[{"href":"https:\/\/drszilvasi.hu\/en\/wp-json\/wp\/v2\/media?parent=1799"}],"curies":[{"name":"wp","href":"https:\/\/api.w.org\/{rel}","templated":true}]}}